{"id":2441,"date":"2023-08-04T20:45:46","date_gmt":"2023-08-04T18:45:46","guid":{"rendered":"https:\/\/www.jeffitness.com\/home\/?page_id=2441"},"modified":"2025-12-28T16:30:32","modified_gmt":"2025-12-28T15:30:32","slug":"entreprises","status":"publish","type":"page","link":"https:\/\/www.jeffitness.com\/home\/?page_id=2441","title":{"rendered":"Coach Sportif en Entreprise"},"content":{"rendered":"\n<p class=\"has-large-font-size\" style=\"font-style:normal;font-weight:300\">Le Coaching Sportif en ENTREPRISE, collectif ou individuel, vous permettra de valoriser la Qualit\u00e9 de Vie au Travail (QVT).<\/p>\n\n\n\n<p>Les prestations entreprise sont r\u00e9alisables COLLECTIVEMENT, et, compte tenu de l&rsquo;int\u00e9r\u00eat croissant des entreprises pour bien-\u00eatre des ses collaborateurs, je propose aussi un partenariat avec votre Comit\u00e9 d&rsquo;Entreprise afin de permettre \u00e0 votre personnel d&rsquo;acc\u00e9der plus ais\u00e9ment au coaching INDIVIDUEL gr\u00e2ce \u00e0 des tarifs pr\u00e9f\u00e9rentiels d\u00e9finis avec le Comit\u00e9 d&rsquo;Entreprise (prestations sur devis).<\/p>\n\n\n\n<div style=\"height:35px\" aria-hidden=\"true\" class=\"wp-block-spacer\"><\/div>\n\n\n\n<p style=\"font-size:clamp(18.959px, 1.185rem + ((1vw - 3.2px) * 1.15), 30px);font-style:normal;font-weight:300\">Le Coaching Sportif COLLECTIF en entreprise<\/p>\n\n\n\n<p>Il se d\u00e9cline en 3 forfaits comportant 45 semaines de cours adapt\u00e9s aux contraintes professionnelles de vos collaborateurs :<\/p>\n\n\n\n<div class=\"wp-block-columns alignwide is-layout-flex wp-container-core-columns-is-layout-893a7214 wp-block-columns-is-layout-flex\" style=\"margin-top:0;margin-bottom:0;padding-right:0;padding-left:0\">\n<div class=\"wp-block-column has-black-color has-text-color has-background is-layout-flow wp-container-core-column-is-layout-81513c8c wp-block-column-is-layout-flow\" style=\"background-color:#0bb5aa3b;padding-top:var(--wp--preset--spacing--x-small);padding-right:0;padding-bottom:var(--wp--preset--spacing--x-small);padding-left:0\">\n<h2 class=\"wp-block-heading has-text-align-center has-black-color has-text-color has-large-font-size\">@.INITIAL<\/h2>\n\n\n\n<h2 class=\"wp-block-heading has-text-align-center has-black-color has-text-color\" style=\"font-size:clamp(18.959px, 1.185rem + ((1vw - 3.2px) * 1.15), 30px);font-style:normal;font-weight:400\">2499\u20ac<\/h2>\n\n\n\n<h2 class=\"wp-block-heading has-text-align-center has-black-color has-text-color has-medium-font-size\" style=\"font-style:normal;font-weight:300\">45 cours de 30mn<\/h2>\n\n\n\n<div style=\"height:25px\" aria-hidden=\"true\" class=\"wp-block-spacer\"><\/div>\n\n\n\n<ul class=\"wp-block-list\">\n<li>1 cours de 30mn\/semaine<\/li>\n\n\n\n<li>pack 45 semaines<\/li>\n\n\n\n<li>jusqu&rsquo;\u00e0 30 participants<\/li>\n\n\n\n<li>mat\u00e9riel audio fourni<\/li>\n\n\n\n<li>consulting sportif pendant les s\u00e9ances<\/li>\n\n\n\n<li>d\u00e9placement sur site ou lieu de votre choix*<\/li>\n<\/ul>\n<\/div>\n\n\n\n<div class=\"wp-block-column has-black-color has-text-color has-background is-layout-flow wp-container-core-column-is-layout-12cb4ac9 wp-block-column-is-layout-flow\" style=\"background-color:#0bb5aa69;padding-top:var(--wp--preset--spacing--x-small);padding-bottom:var(--wp--preset--spacing--x-small)\">\n<h2 class=\"wp-block-heading has-text-align-center has-black-color has-text-color has-large-font-size\">@.SILVER<\/h2>\n\n\n\n<h2 class=\"wp-block-heading has-text-align-center has-black-color has-text-color\" style=\"font-size:clamp(18.959px, 1.185rem + ((1vw - 3.2px) * 1.15), 30px);font-style:normal;font-weight:400\">3499\u20ac<\/h2>\n\n\n\n<h2 class=\"wp-block-heading has-text-align-center has-black-color has-text-color has-medium-font-size\" style=\"font-style:normal;font-weight:300\">45 cours de 60mn<\/h2>\n\n\n\n<div style=\"height:25px\" aria-hidden=\"true\" class=\"wp-block-spacer\"><\/div>\n\n\n\n<ul class=\"wp-block-list\">\n<li>1 cours de 60mn\/semaine<\/li>\n\n\n\n<li>pack 45 semaines<\/li>\n\n\n\n<li>jusqu&rsquo;\u00e0 30 participants<\/li>\n\n\n\n<li>mat\u00e9riel audio fourni<\/li>\n\n\n\n<li>consulting sportif pendant les s\u00e9ances<\/li>\n\n\n\n<li>d\u00e9placement sur site ou lieu de votre choix*<\/li>\n<\/ul>\n<\/div>\n\n\n\n<div class=\"wp-block-column has-black-color has-text-color has-background is-layout-flow wp-container-core-column-is-layout-2de022ae wp-block-column-is-layout-flow\" style=\"background-color:#0bb5aaa8;padding-top:var(--wp--preset--spacing--x-small);padding-right:0;padding-bottom:var(--wp--preset--spacing--x-small);padding-left:0\">\n<h2 class=\"wp-block-heading has-text-align-center has-black-color has-text-color has-large-font-size\">@.PLATINUM<\/h2>\n\n\n\n<h2 class=\"wp-block-heading has-text-align-center has-black-color has-text-color\" style=\"font-size:clamp(18.959px, 1.185rem + ((1vw - 3.2px) * 1.15), 30px);font-style:normal;font-weight:400\">6699\u20ac<\/h2>\n\n\n\n<h2 class=\"wp-block-heading has-text-align-center has-black-color has-text-color has-medium-font-size\" style=\"font-style:normal;font-weight:300\">2&#215;45 cours de 60mn<\/h2>\n\n\n\n<div style=\"height:25px\" aria-hidden=\"true\" class=\"wp-block-spacer\"><\/div>\n\n\n\n<ul class=\"wp-block-list\">\n<li>2 cours de 60mn\/semaine<\/li>\n\n\n\n<li>pack 45 semaines<\/li>\n\n\n\n<li>jusqu&rsquo;\u00e0 30 participants<\/li>\n\n\n\n<li>mat\u00e9riel audio fourni<\/li>\n\n\n\n<li>consulting sportif pendant les s\u00e9ances<\/li>\n\n\n\n<li>d\u00e9placement sur site ou lieu de votre choix*<\/li>\n<\/ul>\n<\/div>\n<\/div>\n\n\n\n<p><em>* Les prestations sont r\u00e9alis\u00e9es jusqu\u2019\u00e0 15km de Vernaison sans surco\u00fbt, au-del\u00e0 facturation 0,40\u20ac au kilom\u00e8tre.<\/em><\/p>\n\n\n\n<div style=\"height:73px\" aria-hidden=\"true\" class=\"wp-block-spacer\"><\/div>\n\n\n\n<p style=\"font-size:clamp(18.959px, 1.185rem + ((1vw - 3.2px) * 1.15), 30px);font-weight:300\">Le Coaching Sportif INDIVIDUEL en entreprise<\/p>\n\n\n\n<p>Cette prestation, en partenariat avec le Comit\u00e9 d&rsquo;Entreprise, permet selon le niveau de participation du CE et du nombre de pratiquants inscrits dans l&rsquo;entreprise, de proposer des tarifs pr\u00e9f\u00e9rentiels de suivi sportif individuel personnalis\u00e9 pour les collaborateurs et leurs membres de famille directs.<\/p>\n\n\n\n<p>Prestation \u00e0 d\u00e9finir sur devis en partenariat avec le Comit\u00e9 d&rsquo;Entreprise.<\/p>\n\n\n\n<p><\/p>\n\n\n\n<p><em>* Les prestations sont r\u00e9alis\u00e9es jusqu\u2019\u00e0 15km de Vernaison sans surco\u00fbt, au-del\u00e0 facturation 0,40\u20ac au kilom\u00e8tre.<\/em><\/p>\n\n\n\n<div class=\"wp-block-cover alignfull has-parallax is-position-center-center wp-duotone-333-rgba4219622064-1\" style=\"min-height:375px;aspect-ratio:unset;\"><div class=\"wp-block-cover__image-background wp-image-24 has-parallax\" style=\"background-position:50% 50%;background-image:url(https:\/\/www.jeffitness.com\/home\/wp-content\/themes\/inspiro\/assets\/images\/StockSnap_89BQZ89TLH.jpg)\"><\/div><span aria-hidden=\"true\" class=\"wp-block-cover__background has-black-background-color has-background-dim-40 has-background-dim\"><\/span><div class=\"wp-block-cover__inner-container is-layout-flow wp-block-cover-is-layout-flow\">\n<h3 class=\"wp-block-heading has-text-align-center\" style=\"border-radius:20px;font-size:clamp(20px, 1.25rem + ((1vw - 3.2px) * 1.25), 32px);\">COACH SPORTIF VERNAISON<\/h3>\n\n\n\n<p class=\"has-text-align-center has-white-color has-text-color\" style=\"font-size:clamp(18.959px, 1.185rem + ((1vw - 3.2px) * 1.15), 30px);\">F\u00e9d\u00e9rez vos collaborateurs autour d\u2019une identit\u00e9 sportive sinc\u00e8re.<\/p>\n\n\n\n<p class=\"has-text-align-left\" style=\"font-size:clamp(14px, 0.875rem + ((1vw - 3.2px) * 0.625), 20px);\">\u00ab\u00a0<em>Ce que nous faisons n&rsquo;est jamais perdu, tout m\u00fbrit \u00e0 temps et devient fruit \u00e0 son heure\u00a0\u00bb<\/em> Le Sage Divyavadana.<\/p>\n\n\n\n<div style=\"height:25px\" aria-hidden=\"true\" class=\"wp-block-spacer\"><\/div>\n<\/div><\/div>\n","protected":false},"excerpt":{"rendered":"<p>Le Coaching Sportif en ENTREPRISE, collectif ou individuel, vous permettra de valoriser la Qualit\u00e9 de Vie au Travail (QVT). Les prestations entreprise sont r\u00e9alisables COLLECTIVEMENT, et, compte tenu de l&rsquo;int\u00e9r\u00eat croissant des entreprises pour bien-\u00eatre des ses collaborateurs, je propose aussi un partenariat avec votre Comit\u00e9 d&rsquo;Entreprise afin de permettre \u00e0 votre personnel d&rsquo;acc\u00e9der plus &hellip; <\/p>\n<p class=\"link-more\"><a href=\"https:\/\/www.jeffitness.com\/home\/?page_id=2441\" class=\"more-link\">Lire la suite de<span class=\"screen-reader-text\">\u00ab\u00a0Coach Sportif en Entreprise\u00a0\u00bb<\/span><\/a><\/p>\n","protected":false},"author":1,"featured_media":0,"parent":0,"menu_order":0,"comment_status":"closed","ping_status":"closed","template":"page-templates\/no-title.php","meta":{"footnotes":""},"class_list":["post-2441","page","type-page","status-publish","hentry"],"yoast_head":"<!-- This site is optimized with the Yoast SEO plugin v21.8.1 - https:\/\/yoast.com\/wordpress\/plugins\/seo\/ -->\n<title>Coach Sportif en Entreprise - Jeffitness.com<\/title>\n<meta name=\"robots\" content=\"index, follow, max-snippet:-1, max-image-preview:large, max-video-preview:-1\" \/>\n<link rel=\"canonical\" href=\"https:\/\/www.jeffitness.com\/home\/?page_id=2441\" \/>\n<meta name=\"twitter:card\" content=\"summary_large_image\" \/>\n<meta name=\"twitter:title\" content=\"Coach Sportif en Entreprise - Jeffitness.com\" \/>\n<meta name=\"twitter:description\" content=\"Le Coaching Sportif en ENTREPRISE, collectif ou individuel, vous permettra de valoriser la Qualit\u00e9 de Vie au Travail (QVT). Les prestations entreprise sont r\u00e9alisables COLLECTIVEMENT, et, compte tenu de l&rsquo;int\u00e9r\u00eat croissant des entreprises pour bien-\u00eatre des ses collaborateurs, je propose aussi un partenariat avec votre Comit\u00e9 d&rsquo;Entreprise afin de permettre \u00e0 votre personnel d&rsquo;acc\u00e9der plus &hellip; Lire la suite de\u00ab\u00a0Coach Sportif en Entreprise\u00a0\u00bb\" \/>\n<meta name=\"twitter:label1\" content=\"Dur\u00e9e de lecture estim\u00e9e\" \/>\n\t<meta name=\"twitter:data1\" content=\"2 minutes\" \/>\n<script type=\"application\/ld+json\" class=\"yoast-schema-graph\">{\"@context\":\"https:\/\/schema.org\",\"@graph\":[{\"@type\":\"WebPage\",\"@id\":\"https:\/\/www.jeffitness.com\/home\/?page_id=2441\",\"url\":\"https:\/\/www.jeffitness.com\/home\/?page_id=2441\",\"name\":\"Coach Sportif en Entreprise - Jeffitness.com\",\"isPartOf\":{\"@id\":\"https:\/\/www.jeffitness.com\/home\/#website\"},\"datePublished\":\"2023-08-04T18:45:46+00:00\",\"dateModified\":\"2025-12-28T15:30:32+00:00\",\"breadcrumb\":{\"@id\":\"https:\/\/www.jeffitness.com\/home\/?page_id=2441#breadcrumb\"},\"inLanguage\":\"fr-FR\",\"potentialAction\":[{\"@type\":\"ReadAction\",\"target\":[\"https:\/\/www.jeffitness.com\/home\/?page_id=2441\"]}]},{\"@type\":\"BreadcrumbList\",\"@id\":\"https:\/\/www.jeffitness.com\/home\/?page_id=2441#breadcrumb\",\"itemListElement\":[{\"@type\":\"ListItem\",\"position\":1,\"name\":\"Accueil\",\"item\":\"https:\/\/www.jeffitness.com\/home\/\"},{\"@type\":\"ListItem\",\"position\":2,\"name\":\"Coach Sportif en Entreprise\"}]},{\"@type\":\"WebSite\",\"@id\":\"https:\/\/www.jeffitness.com\/home\/#website\",\"url\":\"https:\/\/www.jeffitness.com\/home\/\",\"name\":\"Jeffitness.com\",\"description\":\"Jeffitness, votre majordome sportif \u00e0 domicile vous accompagne dans tous vos projets de maintient, am\u00e9lioration et remise en forme.\",\"publisher\":{\"@id\":\"https:\/\/www.jeffitness.com\/home\/#organization\"},\"potentialAction\":[{\"@type\":\"SearchAction\",\"target\":{\"@type\":\"EntryPoint\",\"urlTemplate\":\"https:\/\/www.jeffitness.com\/home\/?s={search_term_string}\"},\"query-input\":\"required name=search_term_string\"}],\"inLanguage\":\"fr-FR\"},{\"@type\":\"Organization\",\"@id\":\"https:\/\/www.jeffitness.com\/home\/#organization\",\"name\":\"Jeffitness.com\",\"url\":\"https:\/\/www.jeffitness.com\/home\/\",\"logo\":{\"@type\":\"ImageObject\",\"inLanguage\":\"fr-FR\",\"@id\":\"https:\/\/www.jeffitness.com\/home\/#\/schema\/logo\/image\/\",\"url\":\"https:\/\/www.jeffitness.com\/home\/wp-content\/uploads\/2023\/11\/cropped-Capture-decran-2023-11-04-a-23.58.52.png\",\"contentUrl\":\"https:\/\/www.jeffitness.com\/home\/wp-content\/uploads\/2023\/11\/cropped-Capture-decran-2023-11-04-a-23.58.52.png\",\"width\":1374,\"height\":352,\"caption\":\"Jeffitness.com\"},\"image\":{\"@id\":\"https:\/\/www.jeffitness.com\/home\/#\/schema\/logo\/image\/\"}}]}<\/script>\n<!-- \/ Yoast SEO plugin. -->","yoast_head_json":{"title":"Coach Sportif en Entreprise - Jeffitness.com","robots":{"index":"index","follow":"follow","max-snippet":"max-snippet:-1","max-image-preview":"max-image-preview:large","max-video-preview":"max-video-preview:-1"},"canonical":"https:\/\/www.jeffitness.com\/home\/?page_id=2441","twitter_card":"summary_large_image","twitter_title":"Coach Sportif en Entreprise - Jeffitness.com","twitter_description":"Le Coaching Sportif en ENTREPRISE, collectif ou individuel, vous permettra de valoriser la Qualit\u00e9 de Vie au Travail (QVT). Les prestations entreprise sont r\u00e9alisables COLLECTIVEMENT, et, compte tenu de l&rsquo;int\u00e9r\u00eat croissant des entreprises pour bien-\u00eatre des ses collaborateurs, je propose aussi un partenariat avec votre Comit\u00e9 d&rsquo;Entreprise afin de permettre \u00e0 votre personnel d&rsquo;acc\u00e9der plus &hellip; Lire la suite de\u00ab\u00a0Coach Sportif en Entreprise\u00a0\u00bb","twitter_misc":{"Dur\u00e9e de lecture estim\u00e9e":"2 minutes"},"schema":{"@context":"https:\/\/schema.org","@graph":[{"@type":"WebPage","@id":"https:\/\/www.jeffitness.com\/home\/?page_id=2441","url":"https:\/\/www.jeffitness.com\/home\/?page_id=2441","name":"Coach Sportif en Entreprise - Jeffitness.com","isPartOf":{"@id":"https:\/\/www.jeffitness.com\/home\/#website"},"datePublished":"2023-08-04T18:45:46+00:00","dateModified":"2025-12-28T15:30:32+00:00","breadcrumb":{"@id":"https:\/\/www.jeffitness.com\/home\/?page_id=2441#breadcrumb"},"inLanguage":"fr-FR","potentialAction":[{"@type":"ReadAction","target":["https:\/\/www.jeffitness.com\/home\/?page_id=2441"]}]},{"@type":"BreadcrumbList","@id":"https:\/\/www.jeffitness.com\/home\/?page_id=2441#breadcrumb","itemListElement":[{"@type":"ListItem","position":1,"name":"Accueil","item":"https:\/\/www.jeffitness.com\/home\/"},{"@type":"ListItem","position":2,"name":"Coach Sportif en Entreprise"}]},{"@type":"WebSite","@id":"https:\/\/www.jeffitness.com\/home\/#website","url":"https:\/\/www.jeffitness.com\/home\/","name":"Jeffitness.com","description":"Jeffitness, votre majordome sportif \u00e0 domicile vous accompagne dans tous vos projets de maintient, am\u00e9lioration et remise en forme.","publisher":{"@id":"https:\/\/www.jeffitness.com\/home\/#organization"},"potentialAction":[{"@type":"SearchAction","target":{"@type":"EntryPoint","urlTemplate":"https:\/\/www.jeffitness.com\/home\/?s={search_term_string}"},"query-input":"required name=search_term_string"}],"inLanguage":"fr-FR"},{"@type":"Organization","@id":"https:\/\/www.jeffitness.com\/home\/#organization","name":"Jeffitness.com","url":"https:\/\/www.jeffitness.com\/home\/","logo":{"@type":"ImageObject","inLanguage":"fr-FR","@id":"https:\/\/www.jeffitness.com\/home\/#\/schema\/logo\/image\/","url":"https:\/\/www.jeffitness.com\/home\/wp-content\/uploads\/2023\/11\/cropped-Capture-decran-2023-11-04-a-23.58.52.png","contentUrl":"https:\/\/www.jeffitness.com\/home\/wp-content\/uploads\/2023\/11\/cropped-Capture-decran-2023-11-04-a-23.58.52.png","width":1374,"height":352,"caption":"Jeffitness.com"},"image":{"@id":"https:\/\/www.jeffitness.com\/home\/#\/schema\/logo\/image\/"}}]}},"featured_media_urls":[],"_links":{"self":[{"href":"https:\/\/www.jeffitness.com\/home\/index.php?rest_route=\/wp\/v2\/pages\/2441","targetHints":{"allow":["GET"]}}],"collection":[{"href":"https:\/\/www.jeffitness.com\/home\/index.php?rest_route=\/wp\/v2\/pages"}],"about":[{"href":"https:\/\/www.jeffitness.com\/home\/index.php?rest_route=\/wp\/v2\/types\/page"}],"author":[{"embeddable":true,"href":"https:\/\/www.jeffitness.com\/home\/index.php?rest_route=\/wp\/v2\/users\/1"}],"replies":[{"embeddable":true,"href":"https:\/\/www.jeffitness.com\/home\/index.php?rest_route=%2Fwp%2Fv2%2Fcomments&post=2441"}],"version-history":[{"count":61,"href":"https:\/\/www.jeffitness.com\/home\/index.php?rest_route=\/wp\/v2\/pages\/2441\/revisions"}],"predecessor-version":[{"id":4790,"href":"https:\/\/www.jeffitness.com\/home\/index.php?rest_route=\/wp\/v2\/pages\/2441\/revisions\/4790"}],"wp:attachment":[{"href":"https:\/\/www.jeffitness.com\/home\/index.php?rest_route=%2Fwp%2Fv2%2Fmedia&parent=2441"}],"curies":[{"name":"wp","href":"https:\/\/api.w.org\/{rel}","templated":true}]}}